{"id":39,"date":"2021-06-29T11:49:59","date_gmt":"2021-06-29T09:49:59","guid":{"rendered":"https:\/\/www.vergers-vivants.fr\/wp\/?page_id=39"},"modified":"2021-07-02T08:57:32","modified_gmt":"2021-07-02T06:57:32","slug":"nos-partenaires","status":"publish","type":"page","link":"https:\/\/www.vergers-vivants.fr\/wp\/lassociation\/nos-partenaires\/","title":{"rendered":"Nos partenaires"},"content":{"rendered":"\n<h3 class=\"wp-block-heading\">Organismes membres de Vergers Vivants<\/h3>\n\n\n\n<h5 class=\"wp-block-heading\"><strong>Associations et partenaires techniques<\/strong><\/h5>\n\n\n\n<figure class=\"wp-block-table is-style-stripes\"><table><tbody><tr><td>Bouilleurs de crus du plateau de Blamont<\/td><\/tr><tr><td>Chambre Interd\u00e9partementale d\u2019Agriculture 25-90<\/td><\/tr><tr><td><a href=\"http:\/\/croqpom.doubs.over-blog.com\/\">Croqueurs de Pommes &#8211; section Doubs<\/a><\/td><\/tr><tr><td><a href=\"http:\/\/croqfcn.perso.sfr.fr\/\">Croqueurs de Pommes &#8211; section Franche-Comt\u00e9 Nord<\/a><\/td><\/tr><tr><td>Femmes actives du Pays de Montb\u00e9liard<\/td><\/tr><tr><td><a href=\"https:\/\/www.fdc25.com\/\">F\u00e9d\u00e9ration des chasseurs du Doubs<\/a><\/td><\/tr><tr><td><a href=\"http:\/\/www.cpie-brussey.com\/\">Maison de la nature de Brussey<\/a><\/td><\/tr><tr><td><a href=\"https:\/\/www.fruitiers-bavans.fr\/\">Sauvegarde des fruitiers de Bavans<\/a><\/td><\/tr><tr><td><a href=\"http:\/\/www.societe-histoire-naturelle-montbeliard.fr\/\">Soci\u00e9t\u00e9 d\u2019Histoire Naturelle du Pays de Montb\u00e9liard<\/a><\/td><\/tr><tr><td><a href=\"http:\/\/www.apimontbe.fr\/\">Union apicole du pays de Montb\u00e9liard<\/a><\/td><\/tr><tr><td><a href=\"http:\/\/www.vandoncourt.fr\/index.php?id=3817\">Union des Soci\u00e9t\u00e9s Vandoncourtoises<\/a><\/td><\/tr><tr><td>Vergers de Tr\u00e9moins<\/td><\/tr><tr><td>Vergers retrouv\u00e9s<\/td><\/tr><tr><td><\/td><\/tr><\/tbody><\/table><\/figure>\n\n\n\n<h5 class=\"wp-block-heading\"><strong>Communes<\/strong><\/h5>\n\n\n\n<figure class=\"wp-block-table is-style-stripes\"><table><tbody><tr><td>Allenjoie                         <\/td><td>H\u00e9rimoncourt                 <\/td><td>Sochaux<\/td><\/tr><tr><td>Bart<\/td><td>Mandeure<\/td><td>Taillecourt<\/td><\/tr><tr><td>Beaucourt<\/td><td>Nommay<\/td><td>Valentigney<\/td><\/tr><tr><td>Brognard<\/td><td>Pr\u00e9sentvillers<\/td><td>Vandoncourt<\/td><\/tr><tr><td>Dasle<\/td><td>Roche-l\u00e8s-Blamont<\/td><td>Vieux-Charmont<\/td><\/tr><tr><td>Etupes<\/td><td>Sainte-Suzanne<\/td><td><\/td><\/tr><tr><td>Fresse<\/td><td>Seloncourt<\/td><td><\/td><\/tr><\/tbody><\/table><\/figure>\n\n\n\n<h3 class=\"wp-block-heading\">Partenaires techniques (non membres)<\/h3>\n\n\n\n<figure class=\"wp-block-table is-style-stripes\"><table><tbody><tr><td><a href=\"https:\/\/www.frij.ch\/\"><strong>Fondation Rurale Interjurassienne<\/strong><\/a> (FRIJ)<\/td><\/tr><\/tbody><\/table><\/figure>\n\n\n\n<h3 class=\"wp-block-heading\">Partenaires financiers<\/h3>\n\n\n\n<figure class=\"wp-block-table is-style-stripes\"><table><tbody><tr><td><br><strong><a href=\"http:\/\/www.agglo-montbeliard.fr\/index.php?id=410\">Pays de Montb\u00e9liard Agglom\u00e9ration<\/a> <\/strong><\/td><td><\/td><\/tr><tr><td><img loading=\"lazy\" decoding=\"async\" width=\"10\" height=\"10\" src=\"http:\/\/vergers-vivants.fr\/spip\/local\/cache-vignettes\/L10xH10\/br-manuel-10-418b3.png?1624959893\" alt=\"Retour ligne manuel\"><br><a href=\"http:\/\/www.doubs.fr\/\"><strong>Conseil D\u00e9partemental du Doubs<\/strong><\/a><\/td><td><\/td><\/tr><tr><td><img loading=\"lazy\" decoding=\"async\" width=\"10\" height=\"10\" src=\"http:\/\/vergers-vivants.fr\/spip\/local\/cache-vignettes\/L10xH10\/br-manuel-10-418b3.png?1624959893\" alt=\"Retour ligne manuel\"><br><a href=\"https:\/\/www.bourgognefranchecomte.fr\/\"><strong>Conseil R\u00e9gional de Bourgogne-Franche-Comt\u00e9<\/strong><\/a><\/td><td><\/td><\/tr><tr><td><br><strong>Cr\u00e9dit Agricole de Franche-Comt\u00e9<\/strong><\/td><td><\/td><\/tr><tr><td><strong>Interreg France-Suisse<\/strong><\/td><td><\/td><\/tr><tr><td><strong>Cora Montb\u00e9liard<\/strong><\/td><td><\/td><\/tr><tr><td><strong>France Active<\/strong><\/td><td><\/td><\/tr><tr><td><strong>Fondation Itancia<\/strong><\/td><td><\/td><\/tr><tr><td><strong>Fondation Nature et D\u00e9couverte<\/strong><\/td><td><\/td><\/tr><tr><td><strong>Fondation Yves Rocher<\/strong><\/td><td><\/td><\/tr><\/tbody><\/table><\/figure>\n\n\n\n<h3 class=\"wp-block-heading\">Organismes et r\u00e9seaux auxquels adh\u00e8re Vergers Vivants<\/h3>\n\n\n\n<figure class=\"wp-block-table is-style-stripes\"><table><tbody><tr><td><img loading=\"lazy\" decoding=\"async\" width=\"10\" height=\"10\" src=\"http:\/\/vergers-vivants.fr\/spip\/local\/cache-vignettes\/L10xH10\/br-manuel-10-418b3.png?1624959893\" alt=\"Retour ligne manuel\"><br><a href=\"http:\/\/www.maison-environnement-franchecomte.fr\/pageAssociation.php?id=2\"><strong>Franche-Comt\u00e9 Nature Environnement<\/strong><\/a><br><em>R\u00e9seau des acteurs de protection de la nature de Franche-Comt\u00e9<\/em><\/td><\/tr><tr><td><br><a href=\"http:\/\/www.maison-environnement-franchecomte.fr\/pageAssociation.php?id=220\"><strong>Plateforme d\u2019\u00e9ducation \u00e0 l\u2019environnement de Franche-Comt\u00e9<\/strong><\/a><br><em>R\u00e9seau des acteurs de l\u2019\u00e9ducation \u00e0 l\u2019environnement de Franche-Comt\u00e9<\/em><\/td><\/tr><tr><td><br><a href=\"http:\/\/croqfcn.perso.sfr.fr\/\"><strong>Croqueurs de pommes Franche<\/strong> <strong>Comt\u00e9 Nord<\/strong><\/a><br><\/td><\/tr><tr><td><br><a href=\"http:\/\/www.agglo-montbeliard.fr\/shnpm\/\"><strong>Soci\u00e9t\u00e9 d\u2019Histoire Naturelle du Pays de Montb\u00e9liard<\/strong><\/a><br><\/td><\/tr><\/tbody><\/table><\/figure>\n","protected":false},"excerpt":{"rendered":"<p>Organismes membres de Vergers Vivants Associations et partenaires techniques Bouilleurs de crus du plateau de Blamont Chambre Interd\u00e9partementale d\u2019Agriculture 25-90 Croqueurs de Pommes &#8211; section Doubs Croqueurs de Pommes &#8211; section Franche-Comt\u00e9 Nord Femmes actives du Pays de Montb\u00e9liard F\u00e9d\u00e9ration des chasseurs du Doubs Maison de la nature de Brussey Sauvegarde des fruitiers de Bavans &hellip; <\/p>\n<p class=\"link-more\"><a href=\"https:\/\/www.vergers-vivants.fr\/wp\/lassociation\/nos-partenaires\/\" class=\"more-link\">Continuer la lecture<span class=\"screen-reader-text\"> de &laquo;&nbsp;Nos partenaires&nbsp;&raquo;<\/span><\/a><\/p>\n","protected":false},"author":1,"featured_media":0,"parent":30,"menu_order":0,"comment_status":"closed","ping_status":"closed","template":"","meta":{"footnotes":""},"class_list":["post-39","page","type-page","status-publish","hentry"],"aioseo_notices":[],"_links":{"self":[{"href":"https:\/\/www.vergers-vivants.fr\/wp\/wp-json\/wp\/v2\/pages\/39","targetHints":{"allow":["GET"]}}],"collection":[{"href":"https:\/\/www.vergers-vivants.fr\/wp\/wp-json\/wp\/v2\/pages"}],"about":[{"href":"https:\/\/www.vergers-vivants.fr\/wp\/wp-json\/wp\/v2\/types\/page"}],"author":[{"embeddable":true,"href":"https:\/\/www.vergers-vivants.fr\/wp\/wp-json\/wp\/v2\/users\/1"}],"replies":[{"embeddable":true,"href":"https:\/\/www.vergers-vivants.fr\/wp\/wp-json\/wp\/v2\/comments?post=39"}],"version-history":[{"count":4,"href":"https:\/\/www.vergers-vivants.fr\/wp\/wp-json\/wp\/v2\/pages\/39\/revisions"}],"predecessor-version":[{"id":201,"href":"https:\/\/www.vergers-vivants.fr\/wp\/wp-json\/wp\/v2\/pages\/39\/revisions\/201"}],"up":[{"embeddable":true,"href":"https:\/\/www.vergers-vivants.fr\/wp\/wp-json\/wp\/v2\/pages\/30"}],"wp:attachment":[{"href":"https:\/\/www.vergers-vivants.fr\/wp\/wp-json\/wp\/v2\/media?parent=39"}],"curies":[{"name":"wp","href":"https:\/\/api.w.org\/{rel}","templated":true}]}}